{"id":570,"date":"2022-05-27T10:23:13","date_gmt":"2022-05-27T08:23:13","guid":{"rendered":"https:\/\/akz-schweiz.ch\/service\/"},"modified":"2024-03-28T09:03:57","modified_gmt":"2024-03-28T07:03:57","slug":"service","status":"publish","type":"page","link":"https:\/\/akz-schweiz.ch\/fr\/service\/","title":{"rendered":"Service"},"content":{"rendered":"<p><div class=\"fusion-fullwidth fullwidth-box fusion-builder-row-1 fusion-flex-container nonhundred-percent-fullwidth non-hundred-percent-height-scrolling\" style=\"--awb-border-radius-top-left:0px;--awb-border-radius-top-right:0px;--awb-border-radius-bottom-right:0px;--awb-border-radius-bottom-left:0px;--awb-flex-wrap:wrap;\" ><div class=\"fusion-builder-row fusion-row fusion-flex-align-items-flex-start fusion-flex-content-wrap\" style=\"max-width:1248px;margin-left: calc(-4% \/ 2 );margin-right: calc(-4% \/ 2 );\"><div class=\"fusion-layout-column fusion_builder_column fusion-builder-column-0 fusion_builder_column_1_1 1_1 fusion-flex-column\" style=\"--awb-bg-size:cover;--awb-width-large:100%;--awb-margin-top-large:0px;--awb-spacing-right-large:1.92%;--awb-margin-bottom-large:20px;--awb-spacing-left-large:1.92%;--awb-width-medium:100%;--awb-order-medium:0;--awb-spacing-right-medium:1.92%;--awb-spacing-left-medium:1.92%;--awb-width-small:100%;--awb-order-small:0;--awb-spacing-right-small:1.92%;--awb-spacing-left-small:1.92%;\"><div class=\"fusion-column-wrapper fusion-column-has-shadow fusion-flex-justify-content-flex-start fusion-content-layout-column\"><div class=\"fusion-title title fusion-title-1 fusion-sep-none fusion-title-text fusion-title-size-one\"><h1 class=\"fusion-title-heading title-heading-left\" style=\"margin:0;\">Service<\/h1><\/div><\/div><\/div><div class=\"fusion-layout-column fusion_builder_column fusion-builder-column-1 fusion_builder_column_1_1 1_1 fusion-flex-column\" style=\"--awb-bg-size:cover;--awb-width-large:100%;--awb-margin-top-large:0px;--awb-spacing-right-large:1.92%;--awb-margin-bottom-large:20px;--awb-spacing-left-large:1.92%;--awb-width-medium:100%;--awb-order-medium:0;--awb-spacing-right-medium:1.92%;--awb-spacing-left-medium:1.92%;--awb-width-small:100%;--awb-order-small:0;--awb-spacing-right-small:1.92%;--awb-spacing-left-small:1.92%;\"><div class=\"fusion-column-wrapper fusion-column-has-shadow fusion-flex-justify-content-flex-start fusion-content-layout-column\"><div class=\"fusion-text fusion-text-1\"><p>Dans le domaine des v\u00e9hicules GPL, GNC et GNL, nous recevons r\u00e9guli\u00e8rement des questions de propri\u00e9taires de v\u00e9hicules et de personnel de garage. Nous sommes en outre \u00e9galement devenus le point de contact pour les experts automobiles des assurances et des services de contr\u00f4le des v\u00e9hicules \u00e0 moteur. Les questions sont tr\u00e8s vari\u00e9es. Elles concernent des probl\u00e8mes techniques, administratifs ou juridiques.<\/p>\n<\/div><\/div><\/div><\/div><\/div><div class=\"fusion-fullwidth fullwidth-box fusion-builder-row-2 fusion-flex-container nonhundred-percent-fullwidth non-hundred-percent-height-scrolling\" style=\"--awb-border-radius-top-left:0px;--awb-border-radius-top-right:0px;--awb-border-radius-bottom-right:0px;--awb-border-radius-bottom-left:0px;--awb-flex-wrap:wrap;\" ><div class=\"fusion-builder-row fusion-row fusion-flex-align-items-flex-start fusion-flex-content-wrap\" style=\"max-width:1248px;margin-left: calc(-4% \/ 2 );margin-right: calc(-4% \/ 2 );\"><div class=\"fusion-layout-column fusion_builder_column fusion-builder-column-2 fusion_builder_column_1_1 1_1 fusion-flex-column\" style=\"--awb-bg-size:cover;--awb-width-large:100%;--awb-margin-top-large:0px;--awb-spacing-right-large:1.92%;--awb-margin-bottom-large:20px;--awb-spacing-left-large:1.92%;--awb-width-medium:100%;--awb-order-medium:0;--awb-spacing-right-medium:1.92%;--awb-spacing-left-medium:1.92%;--awb-width-small:100%;--awb-order-small:0;--awb-spacing-right-small:1.92%;--awb-spacing-left-small:1.92%;\"><div class=\"fusion-column-wrapper fusion-column-has-shadow fusion-flex-justify-content-flex-start fusion-content-layout-column\"><div class=\"fusion-title title fusion-title-2 fusion-sep-none fusion-title-text fusion-title-size-three\"><h3 class=\"fusion-title-heading title-heading-left\" style=\"margin:0;\">Gaz pour l'entra\u00eenement motoris\u00e9<\/h3><\/div><div class=\"fusion-text fusion-text-2\"><p>Partout o\u00f9 des gaz sont utilis\u00e9s pour la propulsion, vous \u00eates \u00e0 la bonne adresse chez l'AKZ. Vous y trouverez \u00e9galement un <strong><a href=\"https:\/\/akz.datenbank-hosting.com\/fmi\/webd\/AKZ_MacOffice\" target=\"_blank\" rel=\"noopener\">registre<\/a><\/strong> des entreprises sp\u00e9cialis\u00e9es qui peuvent effectuer des travaux d'entretien, de r\u00e9paration et de contr\u00f4le officiel.<\/p>\n<p>Que faut-il pour suivre une formation continue d'expert ? Le fournit <a href=\"http:\/\/akz-schweiz.ch\/wp-content\/uploads\/2023\/10\/Reglement_d_examen_gaz-1.pdf\"><strong>r\u00e8glement d'examen<\/strong><\/a> les informations n\u00e9cessaires !<\/p>\n<p>Vous trouverez ici de plus amples informations dans l' <strong><a href=\"http:\/\/akz-schweiz.ch\/wp-content\/uploads\/2023\/12\/Aide-memoire-concernant-les-vehicules-routiers-equipes-dinstallations-de-gaz.pdf\" target=\"_blank\" rel=\"noopener\">aide-m\u00e9moire sur les v\u00e9hicules \u00e0 gaz<\/a><\/strong> de l'Office f\u00e9d\u00e9ral des routes OFROU.<\/p>\n<p><strong>Adresse :<br \/>\n<\/strong>AKZ Suisse<br \/>\nKreuzmatte 1D<br \/>\n6260 Reiden<br \/>\n<a href=\"mailto:info@akz-schweiz.ch\">info@akz-schweiz.ch<\/a><\/p>\n<\/div><\/div><\/div><div class=\"fusion-layout-column fusion_builder_column fusion-builder-column-3 fusion_builder_column_1_1 1_1 fusion-flex-column\" style=\"--awb-bg-size:cover;--awb-width-large:100%;--awb-margin-top-large:0px;--awb-spacing-right-large:1.92%;--awb-margin-bottom-large:20px;--awb-spacing-left-large:1.92%;--awb-width-medium:100%;--awb-order-medium:0;--awb-spacing-right-medium:1.92%;--awb-spacing-left-medium:1.92%;--awb-width-small:100%;--awb-order-small:0;--awb-spacing-right-small:1.92%;--awb-spacing-left-small:1.92%;\"><div class=\"fusion-column-wrapper fusion-column-has-shadow fusion-flex-justify-content-flex-start fusion-content-layout-column\"><div class=\"fusion-title title fusion-title-3 fusion-sep-none fusion-title-text fusion-title-size-three\"><h3 class=\"fusion-title-heading title-heading-left\" style=\"margin:0;\">Gaz pour l'habitat dans les camping-cars et les caravanes<\/h3><\/div><div class=\"fusion-text fusion-text-3\"><p>Partout o\u00f9 des gaz sont utilis\u00e9s pour l'habitat, par exemple pour chauffer, refroidir ou cuisiner, le groupe de travail Gaz liquide est comp\u00e9tent. Vous trouverez ici un <strong><a href=\"https:\/\/lpg.datenbank-hosting.com\/fmi\/webd\/LPG_MacOffice\" target=\"_blank\" rel=\"noopener\">registre<\/a> <\/strong>de toutes les entreprises sp\u00e9cialis\u00e9es qui peuvent effectuer des travaux de contr\u00f4le, d'installation, des contr\u00f4les d'\u00e9tanch\u00e9it\u00e9, etc. sur les camping-cars et les caravanes.<\/p>\n<p><strong>Adresse :<br \/>\n<\/strong>Verein Arbeitskreis LPG<br \/>\nVous trouverez ici un registre de toutes les entreprises sp\u00e9cialis\u00e9es qui peuvent effectuer des travaux de contr\u00f4le, d'installation, des contr\u00f4les d'\u00e9tanch\u00e9it\u00e9, etc. sur les camping-cars et les caravanes.<br \/>\n6260 Reiden<br \/>\n<a href=\"mailto:info@arbeitskreis-lpg.ch\">info@arbeitskreis-lpg.ch<\/a><\/p>\n<\/div><\/div><\/div><\/div><\/div><\/p>\n","protected":false},"excerpt":{"rendered":"","protected":false},"author":1,"featured_media":0,"parent":0,"menu_order":0,"comment_status":"closed","ping_status":"closed","template":"","meta":{"_seopress_robots_primary_cat":"","_seopress_titles_title":"","_seopress_titles_desc":"","_seopress_robots_index":"","footnotes":""},"class_list":["post-570","page","type-page","status-publish","hentry"],"_links":{"self":[{"href":"https:\/\/akz-schweiz.ch\/fr\/wp-json\/wp\/v2\/pages\/570","targetHints":{"allow":["GET"]}}],"collection":[{"href":"https:\/\/akz-schweiz.ch\/fr\/wp-json\/wp\/v2\/pages"}],"about":[{"href":"https:\/\/akz-schweiz.ch\/fr\/wp-json\/wp\/v2\/types\/page"}],"author":[{"embeddable":true,"href":"https:\/\/akz-schweiz.ch\/fr\/wp-json\/wp\/v2\/users\/1"}],"replies":[{"embeddable":true,"href":"https:\/\/akz-schweiz.ch\/fr\/wp-json\/wp\/v2\/comments?post=570"}],"version-history":[{"count":18,"href":"https:\/\/akz-schweiz.ch\/fr\/wp-json\/wp\/v2\/pages\/570\/revisions"}],"predecessor-version":[{"id":1283,"href":"https:\/\/akz-schweiz.ch\/fr\/wp-json\/wp\/v2\/pages\/570\/revisions\/1283"}],"wp:attachment":[{"href":"https:\/\/akz-schweiz.ch\/fr\/wp-json\/wp\/v2\/media?parent=570"}],"curies":[{"name":"wp","href":"https:\/\/api.w.org\/{rel}","templated":true}]}}