{"id":1265,"date":"2024-01-25T17:11:36","date_gmt":"2024-01-25T15:11:36","guid":{"rendered":"https:\/\/akz-schweiz.ch\/?page_id=1265"},"modified":"2024-01-26T19:56:03","modified_gmt":"2024-01-26T17:56:03","slug":"manipulation-des-dechets-omod","status":"publish","type":"page","link":"https:\/\/akz-schweiz.ch\/fr\/manipulation-des-dechets-omod\/","title":{"rendered":"Manipulation des d\u00e9chets OMoD"},"content":{"rendered":"<div class=\"fusion-fullwidth fullwidth-box fusion-builder-row-1 fusion-flex-container has-pattern-background has-mask-background nonhundred-percent-fullwidth non-hundred-percent-height-scrolling\" style=\"--awb-border-radius-top-left:0px;--awb-border-radius-top-right:0px;--awb-border-radius-bottom-right:0px;--awb-border-radius-bottom-left:0px;--awb-flex-wrap:wrap;\" ><div class=\"fusion-builder-row fusion-row fusion-flex-align-items-flex-start fusion-flex-content-wrap\" style=\"max-width:1248px;margin-left: calc(-4% \/ 2 );margin-right: calc(-4% \/ 2 );\"><div class=\"fusion-layout-column fusion_builder_column fusion-builder-column-0 fusion_builder_column_1_5 1_5 fusion-flex-column\" style=\"--awb-bg-size:cover;--awb-width-large:20%;--awb-margin-top-large:0px;--awb-spacing-right-large:9.6%;--awb-margin-bottom-large:20px;--awb-spacing-left-large:9.6%;--awb-width-medium:20%;--awb-order-medium:0;--awb-spacing-right-medium:9.6%;--awb-spacing-left-medium:9.6%;--awb-width-small:100%;--awb-order-small:0;--awb-spacing-right-small:1.92%;--awb-spacing-left-small:1.92%;\"><div class=\"fusion-column-wrapper fusion-column-has-shadow fusion-flex-justify-content-flex-start fusion-content-layout-column\"><div class=\"fusion-image-element \" style=\"--awb-caption-title-font-family:var(--h2_typography-font-family);--awb-caption-title-font-weight:var(--h2_typography-font-weight);--awb-caption-title-font-style:var(--h2_typography-font-style);--awb-caption-title-size:var(--h2_typography-font-size);--awb-caption-title-transform:var(--h2_typography-text-transform);--awb-caption-title-line-height:var(--h2_typography-line-height);--awb-caption-title-letter-spacing:var(--h2_typography-letter-spacing);\"><span class=\" fusion-imageframe imageframe-none imageframe-1 hover-type-none\"><img decoding=\"async\" width=\"220\" height=\"250\" title=\"Phase-6\" src=\"http:\/\/akz-schweiz.ch\/wp-content\/uploads\/2024\/01\/Phase-6.png\" alt class=\"img-responsive wp-image-1088\" srcset=\"https:\/\/akz-schweiz.ch\/wp-content\/uploads\/2024\/01\/Phase-6-200x227.png 200w, https:\/\/akz-schweiz.ch\/wp-content\/uploads\/2024\/01\/Phase-6.png 220w\" sizes=\"(max-width: 640px) 100vw, 200px\" \/><\/span><\/div><div class=\"fusion-separator fusion-full-width-sep\" style=\"align-self: center;margin-left: auto;margin-right: auto;margin-top:30px;width:100%;\"><\/div><div class=\"fusion-text fusion-text-1\"><p style=\"text-align: center;\"><a href=\"https:\/\/akz-schweiz.ch\/fr\/manipulation-sure-des-batteries-ht\/\">Retour \u00e0 l'aper\u00e7u<\/a><\/p>\n<\/div><\/div><\/div><div class=\"fusion-layout-column fusion_builder_column fusion-builder-column-1 fusion_builder_column_4_5 4_5 fusion-flex-column\" style=\"--awb-bg-size:cover;--awb-width-large:80%;--awb-margin-top-large:0px;--awb-spacing-right-large:2.4%;--awb-margin-bottom-large:20px;--awb-spacing-left-large:2.4%;--awb-width-medium:80%;--awb-order-medium:0;--awb-spacing-right-medium:2.4%;--awb-spacing-left-medium:2.4%;--awb-width-small:100%;--awb-order-small:0;--awb-spacing-right-small:1.92%;--awb-spacing-left-small:1.92%;\"><div class=\"fusion-column-wrapper fusion-column-has-shadow fusion-flex-justify-content-flex-start fusion-content-layout-column\"><div class=\"fusion-title title fusion-title-1 fusion-sep-none fusion-title-text fusion-title-size-one\" style=\"--awb-text-color:var(--awb-color5);\"><h1 class=\"fusion-title-heading title-heading-left\" style=\"margin:0;\">Manipulation des d\u00e9chets OMoD<\/h1><\/div><div class=\"fusion-text fusion-text-2\"><p>Si une batterie haute tension est d\u00e9clar\u00e9e comme d\u00e9chet, l'OMoD doit garantir que les d\u00e9chets ne sont remis qu'\u00e0 des entreprises d'\u00e9limination appropri\u00e9es.<br \/>\nElle r\u00e9git entre autres :<\/p>\n<ul>\n<li>les mouvements int\u00e9rieurs de d\u00e9chets sp\u00e9ciaux et d'autres d\u00e9chets soumis \u00e0 contr\u00f4le<\/li>\n<li>les mouvements transfrontaliers de tous les d\u00e9chets<\/li>\n<\/ul>\n<p>Elle d\u00e9finit notamment les d\u00e9chets qui doivent \u00eatre accept\u00e9s pour l'\u00e9limination, la mani\u00e8re dont ils doivent \u00eatre contr\u00f4l\u00e9s lors de leur r\u00e9ception et la fa\u00e7on dont ils doivent \u00eatre \u00e9limin\u00e9s. L'autorit\u00e9 cantonale d\u00e9livre une autorisation s'il ressort de la demande que l'entreprise d'\u00e9limination est en mesure d'\u00e9liminer les d\u00e9chets de mani\u00e8re respectueuse de l'environnement. Elle pr\u00e9cise notamment dans l'autorisation :<\/p>\n<ul>\n<li>quels d\u00e9chets peuvent \u00eatre accept\u00e9s et la mani\u00e8re dont ils doivent \u00eatre \u00e9limin\u00e9s.<\/li>\n<li>les conditions \u00e0 respecter pour une \u00e9limination des d\u00e9chets respectueuse de l'environnement, notamment les restrictions quantitatives, l'utilisation de certaines installations et \u00e9quipements, le recours \u00e0 des sp\u00e9cialistes.<\/li>\n<\/ul>\n<\/div><div class=\"fusion-builder-row fusion-builder-row-inner fusion-row fusion-flex-align-items-flex-start fusion-flex-content-wrap\" style=\"width:104% !important;max-width:104% !important;margin-left: calc(-4% \/ 2 );margin-right: calc(-4% \/ 2 );\"><div class=\"fusion-layout-column fusion_builder_column_inner fusion-builder-nested-column-0 fusion_builder_column_inner_1_1 1_1 fusion-flex-column\" style=\"--awb-padding-top:30px;--awb-padding-right:30px;--awb-padding-bottom:30px;--awb-padding-left:30px;--awb-bg-color:var(--awb-color5);--awb-bg-color-hover:var(--awb-color5);--awb-bg-size:cover;--awb-width-large:100%;--awb-margin-top-large:0px;--awb-spacing-right-large:1.92%;--awb-margin-bottom-large:20px;--awb-spacing-left-large:1.92%;--awb-width-medium:100%;--awb-order-medium:0;--awb-spacing-right-medium:1.92%;--awb-spacing-left-medium:1.92%;--awb-width-small:100%;--awb-order-small:0;--awb-spacing-right-small:1.92%;--awb-spacing-left-small:1.92%;\" data-scroll-devices=\"small-visibility,medium-visibility,large-visibility\"><div class=\"fusion-column-wrapper fusion-column-has-shadow fusion-flex-justify-content-flex-start fusion-content-layout-column\"><div class=\"fusion-text fusion-text-3\" style=\"--awb-font-size:26px;--awb-text-color:var(--awb-color1);\"><p>Pour pouvoir accepter, stocker temporairement, transf\u00e9rer ou traiter les d\u00e9chets \u00abBatterie au lithium-ion\u00bb, une autorisation de l'autorit\u00e9 cantonale est requise ainsi qu'un num\u00e9ro d'entreprise OMoD.<\/p>\n<\/div><\/div><\/div><\/div><\/div><\/div><\/div><\/div>\n","protected":false},"excerpt":{"rendered":"","protected":false},"author":8,"featured_media":0,"parent":0,"menu_order":0,"comment_status":"closed","ping_status":"closed","template":"","meta":{"_seopress_robots_primary_cat":"","_seopress_titles_title":"","_seopress_titles_desc":"","_seopress_robots_index":"","footnotes":""},"class_list":["post-1265","page","type-page","status-publish","hentry"],"_links":{"self":[{"href":"https:\/\/akz-schweiz.ch\/fr\/wp-json\/wp\/v2\/pages\/1265","targetHints":{"allow":["GET"]}}],"collection":[{"href":"https:\/\/akz-schweiz.ch\/fr\/wp-json\/wp\/v2\/pages"}],"about":[{"href":"https:\/\/akz-schweiz.ch\/fr\/wp-json\/wp\/v2\/types\/page"}],"author":[{"embeddable":true,"href":"https:\/\/akz-schweiz.ch\/fr\/wp-json\/wp\/v2\/users\/8"}],"replies":[{"embeddable":true,"href":"https:\/\/akz-schweiz.ch\/fr\/wp-json\/wp\/v2\/comments?post=1265"}],"version-history":[{"count":2,"href":"https:\/\/akz-schweiz.ch\/fr\/wp-json\/wp\/v2\/pages\/1265\/revisions"}],"predecessor-version":[{"id":1269,"href":"https:\/\/akz-schweiz.ch\/fr\/wp-json\/wp\/v2\/pages\/1265\/revisions\/1269"}],"wp:attachment":[{"href":"https:\/\/akz-schweiz.ch\/fr\/wp-json\/wp\/v2\/media?parent=1265"}],"curies":[{"name":"wp","href":"https:\/\/api.w.org\/{rel}","templated":true}]}}