{"id":1240,"date":"2024-01-25T17:10:33","date_gmt":"2024-01-25T15:10:33","guid":{"rendered":"https:\/\/akz-schweiz.ch\/?page_id=1240"},"modified":"2024-01-26T19:51:20","modified_gmt":"2024-01-26T17:51:20","slug":"test-de-batteries-haute-tension","status":"publish","type":"page","link":"https:\/\/akz-schweiz.ch\/fr\/test-de-batteries-haute-tension\/","title":{"rendered":"Test de batteries haute tension"},"content":{"rendered":"<div class=\"fusion-fullwidth fullwidth-box fusion-builder-row-1 fusion-flex-container has-pattern-background has-mask-background nonhundred-percent-fullwidth non-hundred-percent-height-scrolling\" style=\"--awb-border-radius-top-left:0px;--awb-border-radius-top-right:0px;--awb-border-radius-bottom-right:0px;--awb-border-radius-bottom-left:0px;--awb-flex-wrap:wrap;\" ><div class=\"fusion-builder-row fusion-row fusion-flex-align-items-flex-start fusion-flex-content-wrap\" style=\"max-width:1248px;margin-left: calc(-4% \/ 2 );margin-right: calc(-4% \/ 2 );\"><div class=\"fusion-layout-column fusion_builder_column fusion-builder-column-0 fusion_builder_column_1_5 1_5 fusion-flex-column\" style=\"--awb-bg-size:cover;--awb-width-large:20%;--awb-margin-top-large:0px;--awb-spacing-right-large:9.6%;--awb-margin-bottom-large:20px;--awb-spacing-left-large:9.6%;--awb-width-medium:20%;--awb-order-medium:0;--awb-spacing-right-medium:9.6%;--awb-spacing-left-medium:9.6%;--awb-width-small:100%;--awb-order-small:0;--awb-spacing-right-small:1.92%;--awb-spacing-left-small:1.92%;\"><div class=\"fusion-column-wrapper fusion-column-has-shadow fusion-flex-justify-content-flex-start fusion-content-layout-column\"><div class=\"fusion-image-element \" style=\"--awb-caption-title-font-family:var(--h2_typography-font-family);--awb-caption-title-font-weight:var(--h2_typography-font-weight);--awb-caption-title-font-style:var(--h2_typography-font-style);--awb-caption-title-size:var(--h2_typography-font-size);--awb-caption-title-transform:var(--h2_typography-text-transform);--awb-caption-title-line-height:var(--h2_typography-line-height);--awb-caption-title-letter-spacing:var(--h2_typography-letter-spacing);\"><span class=\" fusion-imageframe imageframe-none imageframe-1 hover-type-none\"><img decoding=\"async\" width=\"220\" height=\"250\" title=\"Phase-2\" src=\"http:\/\/akz-schweiz.ch\/wp-content\/uploads\/2024\/01\/Phase-2.png\" alt class=\"img-responsive wp-image-1096\" srcset=\"https:\/\/akz-schweiz.ch\/wp-content\/uploads\/2024\/01\/Phase-2-200x227.png 200w, https:\/\/akz-schweiz.ch\/wp-content\/uploads\/2024\/01\/Phase-2.png 220w\" sizes=\"(max-width: 640px) 100vw, 200px\" \/><\/span><\/div><div class=\"fusion-separator fusion-full-width-sep\" style=\"align-self: center;margin-left: auto;margin-right: auto;margin-top:20px;width:100%;\"><\/div><div class=\"fusion-text fusion-text-1\"><p style=\"text-align: center;\"><a href=\"https:\/\/akz-schweiz.ch\/fr\/manipulation-sure-des-batteries-ht\/\">Retour \u00e0 l'aper\u00e7u<\/a><\/p>\n<\/div><\/div><\/div><div class=\"fusion-layout-column fusion_builder_column fusion-builder-column-1 fusion_builder_column_4_5 4_5 fusion-flex-column\" style=\"--awb-bg-size:cover;--awb-width-large:80%;--awb-margin-top-large:0px;--awb-spacing-right-large:2.4%;--awb-margin-bottom-large:20px;--awb-spacing-left-large:2.4%;--awb-width-medium:80%;--awb-order-medium:0;--awb-spacing-right-medium:2.4%;--awb-spacing-left-medium:2.4%;--awb-width-small:100%;--awb-order-small:0;--awb-spacing-right-small:1.92%;--awb-spacing-left-small:1.92%;\"><div class=\"fusion-column-wrapper fusion-column-has-shadow fusion-flex-justify-content-flex-start fusion-content-layout-column\"><div class=\"fusion-title title fusion-title-1 fusion-sep-none fusion-title-text fusion-title-size-one\" style=\"--awb-text-color:var(--awb-color6);\"><h1 class=\"fusion-title-heading title-heading-left\" style=\"margin:0;\">Test de batteries haute tension<\/h1><\/div><div class=\"fusion-text fusion-text-2\"><p>Seuls les experts HT form\u00e9s sont autoris\u00e9s \u00e0 travailler sur des batteries haute tension. En outre, il faut disposer des EPI et des outils HT appropri\u00e9s pour \u00eatre autoris\u00e9 \u00e0 travailler sur des batteries HT.<\/p>\n<p>Il est important de mesurer une batterie HT pour conna\u00eetre son \u00e9tat technique, son SOC (\u00e9tat de charge) et son SOH (\u00e9tat de sant\u00e9).<\/p>\n<p>En outre, il faut \u00e9galement mesurer si la batterie HT doit \u00eatre jug\u00e9e comme s\u00fbre ou pas s\u00fbre.<\/p>\n<p>Le centre de comp\u00e9tence pour propulsions alternatives offre ici son soutien<\/p>\n<\/div><div class=\"fusion-builder-row fusion-builder-row-inner fusion-row fusion-flex-align-items-flex-start fusion-flex-content-wrap\" style=\"width:104% !important;max-width:104% !important;margin-left: calc(-4% \/ 2 );margin-right: calc(-4% \/ 2 );\"><div class=\"fusion-layout-column fusion_builder_column_inner fusion-builder-nested-column-0 fusion_builder_column_inner_1_1 1_1 fusion-flex-column\" style=\"--awb-padding-top:30px;--awb-padding-right:30px;--awb-padding-bottom:30px;--awb-padding-left:30px;--awb-bg-color:var(--awb-color6);--awb-bg-color-hover:var(--awb-color6);--awb-bg-size:cover;--awb-width-large:100%;--awb-margin-top-large:0px;--awb-spacing-right-large:1.92%;--awb-margin-bottom-large:20px;--awb-spacing-left-large:1.92%;--awb-width-medium:100%;--awb-order-medium:0;--awb-spacing-right-medium:1.92%;--awb-spacing-left-medium:1.92%;--awb-width-small:100%;--awb-order-small:0;--awb-spacing-right-small:1.92%;--awb-spacing-left-small:1.92%;\" data-scroll-devices=\"small-visibility,medium-visibility,large-visibility\"><div class=\"fusion-column-wrapper fusion-column-has-shadow fusion-flex-justify-content-flex-start fusion-content-layout-column\"><div class=\"fusion-text fusion-text-3\" style=\"--awb-font-size:26px;--awb-text-color:var(--awb-color1);\"><h3 class=\"p1\"><span style=\"color: #ffffff;\">Il est important de conna\u00eetre l'\u00e9tat de la batterie HT <\/span><\/h3>\n<p class=\"p1\" style=\"padding-left: 40px;\"><span style=\"color: #ffffff;\">SOC : State of Charge<\/span><br \/>\n<span style=\"color: #ffffff;\">SOH : State of Health (vieillissement de la batterie) <\/span><\/p>\n<p class=\"p1\" style=\"padding-left: 80px;\"><span style=\"color: #ffffff;\">La batterie HT est-elle s\u00fbre ? <\/span><br \/>\n<span style=\"color: #ffffff;\">La batterie HT n'est-elle pas s\u00fbre ? <\/span><\/p>\n<p class=\"p1\" style=\"padding-left: 120px;\"><span style=\"color: #ffffff;\">\u2192 Des mesures de s\u00e9curit\u00e9 doivent \u00eatre prises <\/span><br \/>\n<span style=\"color: #ffffff;\">\u2192 L'\u00e9limination doit \u00eatre initi\u00e9e et effectu\u00e9e<\/span><\/p>\n<\/div><\/div><\/div><\/div><\/div><\/div><\/div><\/div>\n","protected":false},"excerpt":{"rendered":"","protected":false},"author":8,"featured_media":0,"parent":0,"menu_order":0,"comment_status":"closed","ping_status":"closed","template":"","meta":{"_seopress_robots_primary_cat":"","_seopress_titles_title":"","_seopress_titles_desc":"","_seopress_robots_index":"","footnotes":""},"class_list":["post-1240","page","type-page","status-publish","hentry"],"_links":{"self":[{"href":"https:\/\/akz-schweiz.ch\/fr\/wp-json\/wp\/v2\/pages\/1240","targetHints":{"allow":["GET"]}}],"collection":[{"href":"https:\/\/akz-schweiz.ch\/fr\/wp-json\/wp\/v2\/pages"}],"about":[{"href":"https:\/\/akz-schweiz.ch\/fr\/wp-json\/wp\/v2\/types\/page"}],"author":[{"embeddable":true,"href":"https:\/\/akz-schweiz.ch\/fr\/wp-json\/wp\/v2\/users\/8"}],"replies":[{"embeddable":true,"href":"https:\/\/akz-schweiz.ch\/fr\/wp-json\/wp\/v2\/comments?post=1240"}],"version-history":[{"count":5,"href":"https:\/\/akz-schweiz.ch\/fr\/wp-json\/wp\/v2\/pages\/1240\/revisions"}],"predecessor-version":[{"id":1261,"href":"https:\/\/akz-schweiz.ch\/fr\/wp-json\/wp\/v2\/pages\/1240\/revisions\/1261"}],"wp:attachment":[{"href":"https:\/\/akz-schweiz.ch\/fr\/wp-json\/wp\/v2\/media?parent=1240"}],"curies":[{"name":"wp","href":"https:\/\/api.w.org\/{rel}","templated":true}]}}