{"id":1231,"date":"2024-01-25T17:14:36","date_gmt":"2024-01-25T15:14:36","guid":{"rendered":"https:\/\/akz-schweiz.ch\/?page_id=1231"},"modified":"2024-01-26T19:56:20","modified_gmt":"2024-01-26T17:56:20","slug":"manipulation-sure-des-batteries-ht","status":"publish","type":"page","link":"https:\/\/akz-schweiz.ch\/fr\/manipulation-sure-des-batteries-ht\/","title":{"rendered":"Manipulation s\u00fbre des batteries HT"},"content":{"rendered":"<p><div class=\"fusion-fullwidth fullwidth-box fusion-builder-row-1 fusion-flex-container has-pattern-background has-mask-background nonhundred-percent-fullwidth non-hundred-percent-height-scrolling\" style=\"--awb-border-radius-top-left:0px;--awb-border-radius-top-right:0px;--awb-border-radius-bottom-right:0px;--awb-border-radius-bottom-left:0px;--awb-flex-wrap:wrap;\" ><div class=\"fusion-builder-row fusion-row fusion-flex-align-items-flex-start fusion-flex-content-wrap\" style=\"max-width:1248px;margin-left: calc(-4% \/ 2 );margin-right: calc(-4% \/ 2 );\"><div class=\"fusion-layout-column fusion_builder_column fusion-builder-column-0 fusion_builder_column_1_1 1_1 fusion-flex-column\" style=\"--awb-bg-size:cover;--awb-width-large:100%;--awb-margin-top-large:0px;--awb-spacing-right-large:1.92%;--awb-margin-bottom-large:20px;--awb-spacing-left-large:1.92%;--awb-width-medium:100%;--awb-order-medium:0;--awb-spacing-right-medium:1.92%;--awb-spacing-left-medium:1.92%;--awb-width-small:100%;--awb-order-small:0;--awb-spacing-right-small:1.92%;--awb-spacing-left-small:1.92%;\"><div class=\"fusion-column-wrapper fusion-column-has-shadow fusion-flex-justify-content-flex-start fusion-content-layout-column\"><div class=\"fusion-title title fusion-title-1 fusion-sep-none fusion-title-text fusion-title-size-one\"><h1 class=\"fusion-title-heading title-heading-left\" style=\"margin:0;\">Manipulation s\u00fbre des batteries HT<br \/>\n(Batterie lithium-ion)<\/h1><\/div><\/div><\/div><\/div><\/div><div class=\"fusion-fullwidth fullwidth-box fusion-builder-row-2 fusion-flex-container has-pattern-background has-mask-background hundred-percent-fullwidth non-hundred-percent-height-scrolling\" style=\"--awb-border-radius-top-left:0px;--awb-border-radius-top-right:0px;--awb-border-radius-bottom-right:0px;--awb-border-radius-bottom-left:0px;--awb-flex-wrap:wrap;\" ><div class=\"fusion-builder-row fusion-row fusion-flex-align-items-flex-start fusion-flex-content-wrap\" style=\"width:104% !important;max-width:104% !important;margin-left: calc(-4% \/ 2 );margin-right: calc(-4% \/ 2 );\"><div class=\"fusion-layout-column fusion_builder_column fusion-builder-column-1 fusion_builder_column_3_5 3_5 fusion-flex-column fusion-flex-align-self-center\" style=\"--awb-padding-top:5%;--awb-padding-right:5%;--awb-padding-bottom:5%;--awb-padding-left:5%;--awb-bg-size:cover;--awb-width-large:60%;--awb-margin-top-large:0px;--awb-spacing-right-large:3.2%;--awb-margin-bottom-large:0px;--awb-spacing-left-large:3.2%;--awb-width-medium:60%;--awb-order-medium:0;--awb-spacing-right-medium:3.2%;--awb-spacing-left-medium:3.2%;--awb-width-small:100%;--awb-order-small:0;--awb-spacing-right-small:1.92%;--awb-spacing-left-small:1.92%;\" data-scroll-devices=\"small-visibility,medium-visibility,large-visibility\"><div class=\"fusion-column-wrapper fusion-column-has-shadow fusion-flex-justify-content-flex-start fusion-content-layout-column\"><div class=\"fusion-image-element \" style=\"--awb-caption-title-font-family:var(--h2_typography-font-family);--awb-caption-title-font-weight:var(--h2_typography-font-weight);--awb-caption-title-font-style:var(--h2_typography-font-style);--awb-caption-title-size:var(--h2_typography-font-size);--awb-caption-title-transform:var(--h2_typography-text-transform);--awb-caption-title-line-height:var(--h2_typography-line-height);--awb-caption-title-letter-spacing:var(--h2_typography-letter-spacing);\"><span class=\" fusion-imageframe imageframe-none imageframe-1 hover-type-none\"><img decoding=\"async\" width=\"900\" height=\"615\" title=\"Batterie-Prozess\" src=\"http:\/\/akz-schweiz.ch\/wp-content\/uploads\/2024\/01\/Batterie-Prozess.png\" alt class=\"img-responsive wp-image-1174\" srcset=\"https:\/\/akz-schweiz.ch\/wp-content\/uploads\/2024\/01\/Batterie-Prozess-200x137.png 200w, https:\/\/akz-schweiz.ch\/wp-content\/uploads\/2024\/01\/Batterie-Prozess-400x273.png 400w, https:\/\/akz-schweiz.ch\/wp-content\/uploads\/2024\/01\/Batterie-Prozess-600x410.png 600w, https:\/\/akz-schweiz.ch\/wp-content\/uploads\/2024\/01\/Batterie-Prozess-800x547.png 800w, https:\/\/akz-schweiz.ch\/wp-content\/uploads\/2024\/01\/Batterie-Prozess.png 900w\" sizes=\"(max-width: 640px) 100vw, 800px\" \/><\/span><\/div><\/div><\/div><div class=\"fusion-layout-column fusion_builder_column fusion-builder-column-2 fusion_builder_column_2_5 2_5 fusion-flex-column fusion-flex-align-self-center\" style=\"--awb-padding-top:5%;--awb-padding-right:5%;--awb-padding-bottom:5%;--awb-padding-left:5%;--awb-bg-size:cover;--awb-width-large:40%;--awb-margin-top-large:0px;--awb-spacing-right-large:4.8%;--awb-margin-bottom-large:0px;--awb-spacing-left-large:4.8%;--awb-width-medium:40%;--awb-order-medium:0;--awb-spacing-right-medium:4.8%;--awb-spacing-left-medium:4.8%;--awb-width-small:100%;--awb-order-small:0;--awb-spacing-right-small:1.92%;--awb-spacing-left-small:1.92%;\" data-scroll-devices=\"small-visibility,medium-visibility,large-visibility\"><div class=\"fusion-column-wrapper fusion-column-has-shadow fusion-flex-justify-content-flex-start fusion-content-layout-column\"><div class=\"fusion-text fusion-text-1\"><p><a href=\"https:\/\/akz-schweiz.ch\/fr\/concept-de-securite-ht\/\">A: Concept de s\u00e9curit\u00e9 HT<\/a><br \/>\n<a href=\"https:\/\/akz-schweiz.ch\/fr\/test-de-batteries-haute-tension\/\">B: Batterie haute tension \u2013 Analyse de l'\u00e9tat<\/a><br \/>\n<a href=\"https:\/\/akz-schweiz.ch\/fr\/transport-routier-adr-sdr\/\">C: Transport routier de marchandises dangereuses : ADR\/SDR<\/a><br \/>\n<a href=\"https:\/\/akz-schweiz.ch\/fr\/stockage-de-matieres-dangereuses\/\">D: Stockage de mati\u00e8res dangereuses : Protection incendie\/environnement<\/a><br \/>\n<a href=\"https:\/\/akz-schweiz.ch\/fr\/responsabilite-en-matiere-de-dechets-orrchim\/\">E: Responsabilit\u00e9 en mati\u00e8re de d\u00e9chets ORRChim<\/a><br \/>\n<a href=\"https:\/\/akz-schweiz.ch\/fr\/manipulation-des-dechets-omod\/\">F: Manipulation des d\u00e9chets OMoD \/ OLED<\/a><\/p>\n<\/div><\/div><\/div><\/div><\/div><\/p>\n","protected":false},"excerpt":{"rendered":"","protected":false},"author":8,"featured_media":0,"parent":0,"menu_order":0,"comment_status":"closed","ping_status":"closed","template":"","meta":{"_seopress_robots_primary_cat":"","_seopress_titles_title":"","_seopress_titles_desc":"","_seopress_robots_index":"","footnotes":""},"class_list":["post-1231","page","type-page","status-publish","hentry"],"_links":{"self":[{"href":"https:\/\/akz-schweiz.ch\/fr\/wp-json\/wp\/v2\/pages\/1231","targetHints":{"allow":["GET"]}}],"collection":[{"href":"https:\/\/akz-schweiz.ch\/fr\/wp-json\/wp\/v2\/pages"}],"about":[{"href":"https:\/\/akz-schweiz.ch\/fr\/wp-json\/wp\/v2\/types\/page"}],"author":[{"embeddable":true,"href":"https:\/\/akz-schweiz.ch\/fr\/wp-json\/wp\/v2\/users\/8"}],"replies":[{"embeddable":true,"href":"https:\/\/akz-schweiz.ch\/fr\/wp-json\/wp\/v2\/comments?post=1231"}],"version-history":[{"count":5,"href":"https:\/\/akz-schweiz.ch\/fr\/wp-json\/wp\/v2\/pages\/1231\/revisions"}],"predecessor-version":[{"id":1270,"href":"https:\/\/akz-schweiz.ch\/fr\/wp-json\/wp\/v2\/pages\/1231\/revisions\/1270"}],"wp:attachment":[{"href":"https:\/\/akz-schweiz.ch\/fr\/wp-json\/wp\/v2\/media?parent=1231"}],"curies":[{"name":"wp","href":"https:\/\/api.w.org\/{rel}","templated":true}]}}